{"id":9948,"date":"2025-09-26T10:28:48","date_gmt":"2025-09-26T08:28:48","guid":{"rendered":"https:\/\/www.audreymarti.ch\/?post_type=product&#038;p=9948"},"modified":"2025-09-26T16:25:07","modified_gmt":"2025-09-26T14:25:07","slug":"lauri-und-belle","status":"publish","type":"product","link":"https:\/\/www.audreymarti.ch\/en\/produkt\/lauri-und-belle\/","title":{"rendered":"Lauri und Belle"},"content":{"rendered":"<p>Dieses Buch eignet sich ausgezeichnet als Geschenk f\u00fcr Gottis und G\u00f6ttis, Grosseltern und Eltern und f\u00fcr alle Menschen, die Kinder m\u00f6gen.<\/p>\n<p>Es ist keine Weihnachtsgeschichte, spielt aber in der Vorweihnachtszeit.<\/p>\n<p>Lauri und Belle ist ein Erz\u00e4hlbuch ab 4 Jahren und zum Selberlesen ab Schulalter.<\/p>\n","protected":false},"excerpt":{"rendered":"<p>Dieses Buch eignet sich ausgezeichnet als Geschenk f\u00fcr Gottis und G\u00f6ttis, Grosseltern und Eltern und f\u00fcr alle Menschen, die Kinder m\u00f6gen. Es ist keine Weihnachtsgeschichte, spielt aber in der Vorweihnachtszeit. Lauri und Belle ist ein Erz\u00e4hlbuch ab 4 Jahren und zum Selberlesen ab Schulalter.<\/p>\n","protected":false},"featured_media":9949,"template":"","meta":{"_acf_changed":false,"_monsterinsights_skip_tracking":false,"_monsterinsights_sitenote_active":false,"_monsterinsights_sitenote_note":"","_monsterinsights_sitenote_category":0},"product_brand":[],"product_cat":[58],"class_list":{"0":"post-9948","1":"product","2":"type-product","3":"status-publish","4":"has-post-thumbnail","6":"product_cat-kinderbuch","7":"product_shipping_class-buch","9":"first","10":"instock","11":"taxable","12":"shipping-taxable","13":"purchasable","14":"product-type-simple"},"acf":[],"yoast_head":"<!-- This site is optimized with the Yoast SEO plugin v27.4 - https:\/\/yoast.com\/product\/yoast-seo-wordpress\/ -->\n<title>Lauri und Belle - Audrey Marti<\/title>\n<meta name=\"robots\" content=\"index, follow, max-snippet:-1, max-image-preview:large, max-video-preview:-1\" \/>\n<link rel=\"canonical\" href=\"https:\/\/www.audreymarti.ch\/en\/produkt\/lauri-und-belle\/\" \/>\n<meta property=\"og:locale\" content=\"en_US\" \/>\n<meta property=\"og:type\" content=\"article\" \/>\n<meta property=\"og:title\" content=\"Lauri und Belle - Audrey Marti\" \/>\n<meta property=\"og:description\" content=\"Dieses Buch eignet sich ausgezeichnet als Geschenk f\u00fcr Gottis und G\u00f6ttis, Grosseltern und Eltern und f\u00fcr alle Menschen, die Kinder m\u00f6gen. Es ist keine Weihnachtsgeschichte, spielt aber in der Vorweihnachtszeit. Lauri und Belle ist ein Erz\u00e4hlbuch ab 4 Jahren und zum Selberlesen ab Schulalter.\" \/>\n<meta property=\"og:url\" content=\"https:\/\/www.audreymarti.ch\/en\/produkt\/lauri-und-belle\/\" \/>\n<meta property=\"og:site_name\" content=\"Audrey Marti\" \/>\n<meta property=\"article:modified_time\" content=\"2025-09-26T14:25:07+00:00\" \/>\n<meta property=\"og:image\" content=\"https:\/\/www.audreymarti.ch\/wp-content\/uploads\/20250822-lauri-und-belle-COVER6-2-scaled.jpg\" \/>\n\t<meta property=\"og:image:width\" content=\"2560\" \/>\n\t<meta property=\"og:image:height\" content=\"1788\" \/>\n\t<meta property=\"og:image:type\" content=\"image\/jpeg\" \/>\n<meta name=\"twitter:card\" content=\"summary_large_image\" \/>\n<script type=\"application\/ld+json\" class=\"yoast-schema-graph\">{\"@context\":\"https:\\\/\\\/schema.org\",\"@graph\":[{\"@type\":\"WebPage\",\"@id\":\"https:\\\/\\\/www.audreymarti.ch\\\/en\\\/produkt\\\/lauri-und-belle\\\/\",\"url\":\"https:\\\/\\\/www.audreymarti.ch\\\/en\\\/produkt\\\/lauri-und-belle\\\/\",\"name\":\"Lauri und Belle - Audrey Marti\",\"isPartOf\":{\"@id\":\"https:\\\/\\\/www.audreymarti.ch\\\/en\\\/#website\"},\"primaryImageOfPage\":{\"@id\":\"https:\\\/\\\/www.audreymarti.ch\\\/en\\\/produkt\\\/lauri-und-belle\\\/#primaryimage\"},\"image\":{\"@id\":\"https:\\\/\\\/www.audreymarti.ch\\\/en\\\/produkt\\\/lauri-und-belle\\\/#primaryimage\"},\"thumbnailUrl\":\"https:\\\/\\\/www.audreymarti.ch\\\/wp-content\\\/uploads\\\/20250822-lauri-und-belle-COVER6-2-scaled.jpg\",\"datePublished\":\"2025-09-26T08:28:48+00:00\",\"dateModified\":\"2025-09-26T14:25:07+00:00\",\"breadcrumb\":{\"@id\":\"https:\\\/\\\/www.audreymarti.ch\\\/en\\\/produkt\\\/lauri-und-belle\\\/#breadcrumb\"},\"inLanguage\":\"en-US\",\"potentialAction\":[{\"@type\":\"ReadAction\",\"target\":[\"https:\\\/\\\/www.audreymarti.ch\\\/en\\\/produkt\\\/lauri-und-belle\\\/\"]}]},{\"@type\":\"ImageObject\",\"inLanguage\":\"en-US\",\"@id\":\"https:\\\/\\\/www.audreymarti.ch\\\/en\\\/produkt\\\/lauri-und-belle\\\/#primaryimage\",\"url\":\"https:\\\/\\\/www.audreymarti.ch\\\/wp-content\\\/uploads\\\/20250822-lauri-und-belle-COVER6-2-scaled.jpg\",\"contentUrl\":\"https:\\\/\\\/www.audreymarti.ch\\\/wp-content\\\/uploads\\\/20250822-lauri-und-belle-COVER6-2-scaled.jpg\",\"width\":2560,\"height\":1788},{\"@type\":\"BreadcrumbList\",\"@id\":\"https:\\\/\\\/www.audreymarti.ch\\\/en\\\/produkt\\\/lauri-und-belle\\\/#breadcrumb\",\"itemListElement\":[{\"@type\":\"ListItem\",\"position\":1,\"name\":\"Startseite\",\"item\":\"https:\\\/\\\/www.audreymarti.ch\\\/en\\\/\"},{\"@type\":\"ListItem\",\"position\":2,\"name\":\"Table lights\",\"item\":\"https:\\\/\\\/www.audreymarti.ch\\\/en\\\/table-lights\\\/\"},{\"@type\":\"ListItem\",\"position\":3,\"name\":\"Lauri und Belle\"}]},{\"@type\":\"WebSite\",\"@id\":\"https:\\\/\\\/www.audreymarti.ch\\\/en\\\/#website\",\"url\":\"https:\\\/\\\/www.audreymarti.ch\\\/en\\\/\",\"name\":\"Audrey Marti\",\"description\":\"\",\"publisher\":{\"@id\":\"https:\\\/\\\/www.audreymarti.ch\\\/en\\\/#organization\"},\"potentialAction\":[{\"@type\":\"SearchAction\",\"target\":{\"@type\":\"EntryPoint\",\"urlTemplate\":\"https:\\\/\\\/www.audreymarti.ch\\\/en\\\/?s={search_term_string}\"},\"query-input\":{\"@type\":\"PropertyValueSpecification\",\"valueRequired\":true,\"valueName\":\"search_term_string\"}}],\"inLanguage\":\"en-US\"},{\"@type\":\"Organization\",\"@id\":\"https:\\\/\\\/www.audreymarti.ch\\\/en\\\/#organization\",\"name\":\"Audrey Marti\",\"url\":\"https:\\\/\\\/www.audreymarti.ch\\\/en\\\/\",\"logo\":{\"@type\":\"ImageObject\",\"inLanguage\":\"en-US\",\"@id\":\"https:\\\/\\\/www.audreymarti.ch\\\/en\\\/#\\\/schema\\\/logo\\\/image\\\/\",\"url\":\"https:\\\/\\\/www.audreymarti.ch\\\/wp-content\\\/uploads\\\/favicon.png\",\"contentUrl\":\"https:\\\/\\\/www.audreymarti.ch\\\/wp-content\\\/uploads\\\/favicon.png\",\"width\":512,\"height\":512,\"caption\":\"Audrey Marti\"},\"image\":{\"@id\":\"https:\\\/\\\/www.audreymarti.ch\\\/en\\\/#\\\/schema\\\/logo\\\/image\\\/\"}}]}<\/script>\n<!-- \/ Yoast SEO plugin. -->","yoast_head_json":{"title":"Lauri und Belle - Audrey Marti","robots":{"index":"index","follow":"follow","max-snippet":"max-snippet:-1","max-image-preview":"max-image-preview:large","max-video-preview":"max-video-preview:-1"},"canonical":"https:\/\/www.audreymarti.ch\/en\/produkt\/lauri-und-belle\/","og_locale":"en_US","og_type":"article","og_title":"Lauri und Belle - Audrey Marti","og_description":"Dieses Buch eignet sich ausgezeichnet als Geschenk f\u00fcr Gottis und G\u00f6ttis, Grosseltern und Eltern und f\u00fcr alle Menschen, die Kinder m\u00f6gen. Es ist keine Weihnachtsgeschichte, spielt aber in der Vorweihnachtszeit. Lauri und Belle ist ein Erz\u00e4hlbuch ab 4 Jahren und zum Selberlesen ab Schulalter.","og_url":"https:\/\/www.audreymarti.ch\/en\/produkt\/lauri-und-belle\/","og_site_name":"Audrey Marti","article_modified_time":"2025-09-26T14:25:07+00:00","og_image":[{"width":2560,"height":1788,"url":"https:\/\/www.audreymarti.ch\/wp-content\/uploads\/20250822-lauri-und-belle-COVER6-2-scaled.jpg","type":"image\/jpeg"}],"twitter_card":"summary_large_image","schema":{"@context":"https:\/\/schema.org","@graph":[{"@type":"WebPage","@id":"https:\/\/www.audreymarti.ch\/en\/produkt\/lauri-und-belle\/","url":"https:\/\/www.audreymarti.ch\/en\/produkt\/lauri-und-belle\/","name":"Lauri und Belle - Audrey Marti","isPartOf":{"@id":"https:\/\/www.audreymarti.ch\/en\/#website"},"primaryImageOfPage":{"@id":"https:\/\/www.audreymarti.ch\/en\/produkt\/lauri-und-belle\/#primaryimage"},"image":{"@id":"https:\/\/www.audreymarti.ch\/en\/produkt\/lauri-und-belle\/#primaryimage"},"thumbnailUrl":"https:\/\/www.audreymarti.ch\/wp-content\/uploads\/20250822-lauri-und-belle-COVER6-2-scaled.jpg","datePublished":"2025-09-26T08:28:48+00:00","dateModified":"2025-09-26T14:25:07+00:00","breadcrumb":{"@id":"https:\/\/www.audreymarti.ch\/en\/produkt\/lauri-und-belle\/#breadcrumb"},"inLanguage":"en-US","potentialAction":[{"@type":"ReadAction","target":["https:\/\/www.audreymarti.ch\/en\/produkt\/lauri-und-belle\/"]}]},{"@type":"ImageObject","inLanguage":"en-US","@id":"https:\/\/www.audreymarti.ch\/en\/produkt\/lauri-und-belle\/#primaryimage","url":"https:\/\/www.audreymarti.ch\/wp-content\/uploads\/20250822-lauri-und-belle-COVER6-2-scaled.jpg","contentUrl":"https:\/\/www.audreymarti.ch\/wp-content\/uploads\/20250822-lauri-und-belle-COVER6-2-scaled.jpg","width":2560,"height":1788},{"@type":"BreadcrumbList","@id":"https:\/\/www.audreymarti.ch\/en\/produkt\/lauri-und-belle\/#breadcrumb","itemListElement":[{"@type":"ListItem","position":1,"name":"Startseite","item":"https:\/\/www.audreymarti.ch\/en\/"},{"@type":"ListItem","position":2,"name":"Table lights","item":"https:\/\/www.audreymarti.ch\/en\/table-lights\/"},{"@type":"ListItem","position":3,"name":"Lauri und Belle"}]},{"@type":"WebSite","@id":"https:\/\/www.audreymarti.ch\/en\/#website","url":"https:\/\/www.audreymarti.ch\/en\/","name":"Audrey Marti","description":"","publisher":{"@id":"https:\/\/www.audreymarti.ch\/en\/#organization"},"potentialAction":[{"@type":"SearchAction","target":{"@type":"EntryPoint","urlTemplate":"https:\/\/www.audreymarti.ch\/en\/?s={search_term_string}"},"query-input":{"@type":"PropertyValueSpecification","valueRequired":true,"valueName":"search_term_string"}}],"inLanguage":"en-US"},{"@type":"Organization","@id":"https:\/\/www.audreymarti.ch\/en\/#organization","name":"Audrey Marti","url":"https:\/\/www.audreymarti.ch\/en\/","logo":{"@type":"ImageObject","inLanguage":"en-US","@id":"https:\/\/www.audreymarti.ch\/en\/#\/schema\/logo\/image\/","url":"https:\/\/www.audreymarti.ch\/wp-content\/uploads\/favicon.png","contentUrl":"https:\/\/www.audreymarti.ch\/wp-content\/uploads\/favicon.png","width":512,"height":512,"caption":"Audrey Marti"},"image":{"@id":"https:\/\/www.audreymarti.ch\/en\/#\/schema\/logo\/image\/"}}]}},"_links":{"self":[{"href":"https:\/\/www.audreymarti.ch\/en\/wp-json\/wp\/v2\/product\/9948","targetHints":{"allow":["GET"]}}],"collection":[{"href":"https:\/\/www.audreymarti.ch\/en\/wp-json\/wp\/v2\/product"}],"about":[{"href":"https:\/\/www.audreymarti.ch\/en\/wp-json\/wp\/v2\/types\/product"}],"wp:featuredmedia":[{"embeddable":true,"href":"https:\/\/www.audreymarti.ch\/en\/wp-json\/wp\/v2\/media\/9949"}],"wp:attachment":[{"href":"https:\/\/www.audreymarti.ch\/en\/wp-json\/wp\/v2\/media?parent=9948"}],"wp:term":[{"taxonomy":"product_brand","embeddable":true,"href":"https:\/\/www.audreymarti.ch\/en\/wp-json\/wp\/v2\/product_brand?post=9948"},{"taxonomy":"product_cat","embeddable":true,"href":"https:\/\/www.audreymarti.ch\/en\/wp-json\/wp\/v2\/product_cat?post=9948"}],"curies":[{"name":"wp","href":"https:\/\/api.w.org\/{rel}","templated":true}]}}